{"id":1840,"date":"2024-02-07T11:42:25","date_gmt":"2024-02-07T10:42:25","guid":{"rendered":"https:\/\/csb-osthouse.fr\/?page_id=1840"},"modified":"2025-01-15T08:37:47","modified_gmt":"2025-01-15T07:37:47","slug":"partenaires","status":"publish","type":"page","link":"https:\/\/csb-osthouse.fr\/?page_id=1840","title":{"rendered":"Partenaires"},"content":{"rendered":"\n<p>Nous remercions tous nos partenaires pour leurs soutiens et leurs fid\u00e9lit\u00e9s. <\/p>\n\n\n\n<p>Soutenir le CSB Osthouse, ce n&rsquo;est pas juste financier ou un panneau affich\u00e9 dans la salle, c&rsquo;est un r\u00e9el partenariat gagnant\/gagnant. <\/p>\n\n\n\n<p>Partenaires banque &amp; assurance : <a href=\"https:\/\/www.creditmutuel.fr\/fr\/caisses\/10278\/01251\/00\/000\" data-type=\"link\" data-id=\"https:\/\/www.creditmutuel.fr\/fr\/caisses\/10278\/01251\/00\/000\">Cr\u00e9dit mutuel de l&rsquo;Ill<\/a>, <a href=\"https:\/\/agences.groupama.fr\/assurance\/grand-est\/agence-agence-groupama-erstein-idGGE10083\" data-type=\"link\" data-id=\"https:\/\/agences.groupama.fr\/assurance\/grand-est\/agence-agence-groupama-erstein-idGGE10083\">Groupama<\/a>, <\/p>\n\n\n\n<p>Collectivit\u00e9s : <a href=\"https:\/\/www.osthouse.fr\/\" data-type=\"link\" data-id=\"https:\/\/www.osthouse.fr\/\">Commune d&rsquo;Osthouse<\/a>, <a href=\"http:\/\/www.cc-erstein.fr\/\" data-type=\"link\" data-id=\"http:\/\/www.cc-erstein.fr\/\">Communaut\u00e9 des communes du canton d&rsquo;Erstein<\/a>, <a href=\"https:\/\/www.alsace.eu\/\" data-type=\"link\" data-id=\"https:\/\/www.alsace.eu\/\">Collectivit\u00e9 Europ\u00e9enne d&rsquo;Alsace<\/a><\/p>\n\n\n\n<p>Equipement sportif : <a href=\"https:\/\/www.temps2sport.fr\/\" data-type=\"link\" data-id=\"https:\/\/www.temps2sport.fr\/\">Temps de sport<\/a>, <a href=\"https:\/\/www.sport2000.fr\/\" data-type=\"link\" data-id=\"https:\/\/www.sport2000.fr\/\">Sport 2000<\/a><\/p>\n\n\n\n<p>Restauration : <a href=\"https:\/\/www.facebook.com\/alaigledor\/?locale=fr_FR\" data-type=\"link\" data-id=\"https:\/\/www.facebook.com\/alaigledor\/?locale=fr_FR\">A l&rsquo;Aigle d&rsquo;Or<\/a>, <a href=\"https:\/\/www.facebook.com\/people\/Restaurant-Au-Tramway\/100057358633615\/\" data-type=\"link\" data-id=\"https:\/\/www.facebook.com\/people\/Restaurant-Au-Tramway\/100057358633615\/\">Au Tramway<\/a>, <a href=\"https:\/\/www.facebook.com\/pizzastellakrafft\/\" data-type=\"link\" data-id=\"https:\/\/www.facebook.com\/pizzastellakrafft\/\">Pizza Stella<\/a>, <a href=\"https:\/\/www.boulangerie-ange.fr\/\" data-type=\"link\" data-id=\"https:\/\/www.boulangerie-ange.fr\/\">Boulangerie Ange<\/a><\/p>\n\n\n\n<p>Autour de la maison : <a href=\"https:\/\/www.maisons-maya.fr\/\" data-type=\"link\" data-id=\"https:\/\/www.maisons-maya.fr\/\">Maisons Maya &amp; Associ\u00e9s<\/a>, <a href=\"https:\/\/www.maillat-constructions.fr\/\" data-type=\"link\" data-id=\"https:\/\/www.maillat-constructions.fr\/\">Maillat Constructions<\/a>, <a href=\"https:\/\/www.mceauetjardin.fr\/index.php?p=contact\" data-type=\"link\" data-id=\"https:\/\/www.mceauetjardin.fr\/index.php?p=contact\">MC Eau &amp; Jardin<\/a>, <a href=\"https:\/\/www.att67.fr\/\" data-type=\"link\" data-id=\"https:\/\/www.att67.fr\/\">Art toiture et traditions<\/a>, <a href=\"https:\/\/formdetoit.fr\/\" data-type=\"link\" data-id=\"https:\/\/formdetoit.fr\/\">Formdetoit<\/a>, <a href=\"https:\/\/olivierchauffage.blogspot.com\/\" data-type=\"link\" data-id=\"https:\/\/olivierchauffage.blogspot.com\/\">Olivier Chauffage<\/a>, <a href=\"https:\/\/www.oxygenfermetures.fr\/\" data-type=\"link\" data-id=\"https:\/\/www.oxygenfermetures.fr\/\">Oxygen<\/a>, <a href=\"https:\/\/www.peintures-ruppel.fr\/\" data-type=\"link\" data-id=\"https:\/\/www.peintures-ruppel.fr\/\">Peintures Ruppel<\/a>, <a href=\"https:\/\/gmg-pepiniere-paysage.fr\/\" data-type=\"link\" data-id=\"https:\/\/gmg-pepiniere-paysage.fr\/\" target=\"_blank\" rel=\"noreferrer noopener\">GMG<\/a><\/p>\n\n\n\n<p>Autour de soi : <a href=\"https:\/\/www.facebook.com\/profile.php?id=100086269095599\" data-type=\"link\" data-id=\"https:\/\/www.facebook.com\/profile.php?id=100086269095599\">Un instant pour soi<\/a>, <a href=\"https:\/\/www.facebook.com\/dress.code.erstein\/?locale=fr_FR\" data-type=\"link\" data-id=\"https:\/\/www.facebook.com\/dress.code.erstein\/?locale=fr_FR\">Dress Code<\/a>, <a href=\"https:\/\/www.intermarche.com\/magasin\" data-type=\"link\" data-id=\"https:\/\/www.intermarche.com\/magasin\">Intermarch\u00e9 Benfeld<\/a>, <\/p>\n\n\n\n<p>Divers : <a href=\"http:\/\/www.happydog.fr\/\" data-type=\"link\" data-id=\"http:\/\/www.happydog.fr\/\">Happy Dog<\/a>, <a href=\"https:\/\/concessions.peugeot.fr\/gerstheim\/?location=GERSTHEIM%7C0\" data-type=\"link\" data-id=\"https:\/\/concessions.peugeot.fr\/gerstheim\/?location=GERSTHEIM%7C0\">Garage OBERLE<\/a>, <a href=\"https:\/\/dealers.daf.com\/fr-fr\/dealers\/fr\/30363-garage-trucks-vallee\" data-type=\"link\" data-id=\"https:\/\/dealers.daf.com\/fr-fr\/dealers\/fr\/30363-garage-trucks-vallee\">DAF<\/a>, <a href=\"https:\/\/www.oci.fr\/\" data-type=\"link\" data-id=\"https:\/\/www.oci.fr\/\" target=\"_blank\" rel=\"noreferrer noopener\">OCI<\/a><\/p>\n","protected":false},"excerpt":{"rendered":"<p>Nous remercions tous nos partenaires pour leurs soutiens et leurs fid\u00e9lit\u00e9s. Soutenir le CSB Osthouse, ce n&rsquo;est pas juste financier ou un panneau affich\u00e9&#8230;<\/p>\n","protected":false},"author":3,"featured_media":0,"parent":23,"menu_order":0,"comment_status":"closed","ping_status":"closed","template":"","meta":{"footnotes":""},"class_list":["post-1840","page","type-page","status-publish","hentry"],"_links":{"self":[{"href":"https:\/\/csb-osthouse.fr\/index.php?rest_route=\/wp\/v2\/pages\/1840","targetHints":{"allow":["GET"]}}],"collection":[{"href":"https:\/\/csb-osthouse.fr\/index.php?rest_route=\/wp\/v2\/pages"}],"about":[{"href":"https:\/\/csb-osthouse.fr\/index.php?rest_route=\/wp\/v2\/types\/page"}],"author":[{"embeddable":true,"href":"https:\/\/csb-osthouse.fr\/index.php?rest_route=\/wp\/v2\/users\/3"}],"replies":[{"embeddable":true,"href":"https:\/\/csb-osthouse.fr\/index.php?rest_route=%2Fwp%2Fv2%2Fcomments&post=1840"}],"version-history":[{"count":4,"href":"https:\/\/csb-osthouse.fr\/index.php?rest_route=\/wp\/v2\/pages\/1840\/revisions"}],"predecessor-version":[{"id":1932,"href":"https:\/\/csb-osthouse.fr\/index.php?rest_route=\/wp\/v2\/pages\/1840\/revisions\/1932"}],"up":[{"embeddable":true,"href":"https:\/\/csb-osthouse.fr\/index.php?rest_route=\/wp\/v2\/pages\/23"}],"wp:attachment":[{"href":"https:\/\/csb-osthouse.fr\/index.php?rest_route=%2Fwp%2Fv2%2Fmedia&parent=1840"}],"curies":[{"name":"wp","href":"https:\/\/api.w.org\/{rel}","templated":true}]}}