{"id":19,"date":"2019-03-21T10:26:38","date_gmt":"2019-03-21T09:26:38","guid":{"rendered":"https:\/\/csb-osthouse.fr\/?page_id=19"},"modified":"2025-09-10T10:59:33","modified_gmt":"2025-09-10T08:59:33","slug":"badminton","status":"publish","type":"page","link":"https:\/\/csb-osthouse.fr\/?page_id=19","title":{"rendered":"Badminton"},"content":{"rendered":"\n<p class=\"has-text-color\" style=\"color:#ff5c00\"><strong>LES HORAIRES :<\/strong><\/p>\n\n\n\n<p class=\"has-text-align-left\">D\u2019autres cr\u00e9neaux peuvent se rajouter en fonction de la disponibilit\u00e9 de la salle.<\/p>\n\n\n\n<p class=\"has-luminous-vivid-amber-background-color has-background\">* Les Lundi de 20h15 \u00e0 22h00<br>* Les vendredi de 18H15 \u00e0 19h45<\/p>\n\n\n\n<p class=\"has-text-color\" style=\"color:#ff5400\">Contacter Mme WEIL Janine pour tous renseignement : badminton@csb-osthouse.fr <\/p>\n\n\n\n<p class=\"has-text-color\" style=\"color:#ff5c00\"><strong>PRESENTATION :<\/strong><\/p>\n\n\n\n<p>Le badminton est un sport de raquette qui oppose soit deux joueurs (simples) soit deux paires (doubles), plac\u00e9s dans deux demi-terrains s\u00e9par\u00e9s par un filet. Les joueurs, appel\u00e9s badistes, marquent des points en frappant un volant \u00e0 l\u2019aide d\u2019une raquette pour le faire tomber dans le demi-terrain adverse. L\u2019\u00e9change se termine d\u00e8s que le volant touche le sol, ou s\u2019il y a faute.<\/p>\n\n\n\n<div class=\"wp-block-columns has-2-columns is-layout-flex wp-container-core-columns-is-layout-1 wp-block-columns-is-layout-flex\">\n<div class=\"wp-block-column is-layout-flow wp-block-column-is-layout-flow\">\n<p>Le volant est un projectile aux propri\u00e9t\u00e9s a\u00e9rodynamiques uniques qui lui donnent une trajectoire tr\u00e8s diff\u00e9rente des balles utilis\u00e9es dans la plupart des sports de raquette. En particulier, les plumes cr\u00e9ent une tra\u00een\u00e9e bien plus importante, causant une d\u00e9c\u00e9l\u00e9ration plus rapide. Le vent ayant beaucoup trop d\u2019influence sur cette trajectoire, car le poids d\u2019un volant est g\u00e9n\u00e9ralement de cinq grammes, le badminton est toujours pratiqu\u00e9 en int\u00e9rieur.<\/p>\n\n\n\n<p>Depuis 1992, le badminton est un sport olympique et comporte cinq disciplines : simple hommes, simple dames, double hommes, double dames et double mixte. \u00c0 haut niveau, il n\u00e9cessite une excellente condition physique ainsi que de tr\u00e8s bonnes qualit\u00e9s techniques et tactiques. <\/p>\n<\/div>\n\n\n\n<div class=\"wp-block-column is-layout-flow wp-block-column-is-layout-flow\">\n<p>Dans les faits, le badminton est l\u2019un des sports les plus exigeants physiquement : c\u2019est le deuxi\u00e8me sport le plus intense au monde, apr\u00e8s le hockey sur glace. Ainsi, un match de badminton est 5 fois plus intense qu\u2019un match de tennis, alors qu\u2019il dure moins longtemps.<\/p>\n\n\n\n<p>C\u2019est \u00e9galement le sport de raquette le plus rapide du monde, il n\u2019est pas rare de voir une douzaine d\u2019\u00e9changes en double en moins de 10 secondes (le record de vitesse a longtemps \u00e9t\u00e9 d\u00e9tenu par le chinois Fu Haifeng, dont le volant a atteint la vitesse de 332 km\/h5 lors d\u2019un smash, mais le Malaisien Tan Boon Heong l\u2019a surpass\u00e9, propulsant son volant a 421 km\/h en sortie de raquette, battant \u00e9galement quelques jours apr\u00e8s son \u00e9tablissement le pr\u00e9c\u00e9dent record du joueur de double Naoki Kawamae, \u00e9tabli \u00e0 414 km\/h).<\/p>\n<\/div>\n<\/div>\n\n\n\n<p>Sport majoritairement pratiqu\u00e9 en Asie, le badminton recense plus de 100 millions de licenci\u00e9s \u00e0 travers le monde, ce qui en fait le 2e sport le plus pratiqu\u00e9 au monde derri\u00e8re le football.<\/p>\n\n\n\n<div class=\"wp-block-button is-style-outline is-style-outline--1\"><a class=\"wp-block-button__link has-text-color wp-element-button\" style=\"color:#ff6300\"><strong>Venez voir nos photos<\/strong><\/a><\/div>\n\n\n\n<p><\/p>\n","protected":false},"excerpt":{"rendered":"<p>LES HORAIRES : D\u2019autres cr\u00e9neaux peuvent se rajouter en fonction de la disponibilit\u00e9 de la salle. * Les Lundi de 20h15 \u00e0 22h00* Les&#8230;<\/p>\n","protected":false},"author":2,"featured_media":0,"parent":0,"menu_order":0,"comment_status":"closed","ping_status":"closed","template":"","meta":{"footnotes":""},"class_list":["post-19","page","type-page","status-publish","hentry"],"_links":{"self":[{"href":"https:\/\/csb-osthouse.fr\/index.php?rest_route=\/wp\/v2\/pages\/19","targetHints":{"allow":["GET"]}}],"collection":[{"href":"https:\/\/csb-osthouse.fr\/index.php?rest_route=\/wp\/v2\/pages"}],"about":[{"href":"https:\/\/csb-osthouse.fr\/index.php?rest_route=\/wp\/v2\/types\/page"}],"author":[{"embeddable":true,"href":"https:\/\/csb-osthouse.fr\/index.php?rest_route=\/wp\/v2\/users\/2"}],"replies":[{"embeddable":true,"href":"https:\/\/csb-osthouse.fr\/index.php?rest_route=%2Fwp%2Fv2%2Fcomments&post=19"}],"version-history":[{"count":42,"href":"https:\/\/csb-osthouse.fr\/index.php?rest_route=\/wp\/v2\/pages\/19\/revisions"}],"predecessor-version":[{"id":1977,"href":"https:\/\/csb-osthouse.fr\/index.php?rest_route=\/wp\/v2\/pages\/19\/revisions\/1977"}],"wp:attachment":[{"href":"https:\/\/csb-osthouse.fr\/index.php?rest_route=%2Fwp%2Fv2%2Fmedia&parent=19"}],"curies":[{"name":"wp","href":"https:\/\/api.w.org\/{rel}","templated":true}]}}