{"id":20,"date":"2020-01-22T10:26:38","date_gmt":"2020-01-22T09:26:38","guid":{"rendered":"https:\/\/csb-osthouse.fr\/?page_id=20"},"modified":"2025-11-03T11:03:12","modified_gmt":"2025-11-03T10:03:12","slug":"basket-ball","status":"publish","type":"page","link":"https:\/\/csb-osthouse.fr\/?page_id=20","title":{"rendered":"Basket-ball"},"content":{"rendered":"\n<p>Nous sommes depuis quelques ann\u00e9es en CTC avec les clubs de Westhouse et Schaeffersheim \u00e0 partir des cat\u00e9gories U11 jusqu&rsquo;\u00e0 U21, et depuis 2024 nous y avons int\u00e9gr\u00e9 certaines \u00e9quipes seniors avec le club de Westhouse. Aussi ne soyez pas \u00e9tonn\u00e9 de nous lire sous les Shark&rsquo;s ou la CTC SOW.<\/p>\n\n\n\n<p>Le but de cette collaboration est de permettre \u00e0 chacun de s&rsquo;\u00e9panouir \u00e0 son niveau ! Cela permet d&rsquo;avoir un progression constante.<\/p>\n\n\n\n<p>Nous avons pour objectif cette saison d&rsquo;ouvrir une section Micro Basket pour les 3-5 ans. <\/p>\n\n\n\n<p class=\"has-text-color\" style=\"color:#ff7700\"><strong>CHAMPIONNAT SAISON 2025-2026 :<\/strong><\/p>\n\n\n\n<p><a href=\"https:\/\/csb-osthouse.fr\/wp-content\/uploads\/2025\/10\/Calendrier-ALLER-Saison-2025_2026-250825-MATCHS-a-OSTHOUSE.pdf\" target=\"_blank\" rel=\"noreferrer noopener\">Calendrier phase ALLER<\/a><\/p>\n\n\n\n<p>(V\u00e9rifier les mises \u00e0 jours sur le site de ffbb <a rel=\"noreferrer noopener\" aria-label=\"Osthouse (s\u2019ouvre dans un nouvel onglet)\" href=\"https:\/\/resultats.ffbb.com\/organisation\/1fb6.html\" target=\"_blank\">Osthouse<\/a>)<\/p>\n\n\n\n<p class=\"has-luminous-vivid-orange-color has-text-color\">Calendrier SOW SAISON 2025-2026 :<\/p>\n\n\n\n<p><a href=\"https:\/\/csb-osthouse.fr\/wp-content\/uploads\/2025\/10\/Calendrier-ALLER-SOW-MATCHS-a-WESTHOUSE-SCHAEFFERSHEIM-Saison-2025_2026-.pdf\" target=\"_blank\" rel=\"noreferrer noopener\">Calendrier Phase ALLER CTC SOW Saison 2025\/2026<\/a><\/p>\n\n\n\n<p class=\"has-very-dark-gray-color has-text-color\">Rencontres CTC SOW \u00e9quipes sous <a rel=\"noreferrer noopener\" aria-label=\"Schaeffersheim (s\u2019ouvre dans un nouvel onglet)\" href=\"https:\/\/resultats.ffbb.com\/organisation\/1fb3.html\" target=\"_blank\">Schaeffersheim<\/a>, sous <a rel=\"noreferrer noopener\" aria-label=\"Westhouse (s\u2019ouvre dans un nouvel onglet)\" href=\"https:\/\/resultats.ffbb.com\/organisation\/1fd4.html\" target=\"_blank\">Westhouse<\/a><\/p>\n\n\n\n<p class=\"has-text-color\" style=\"color:#ff7700\"><strong>PLANNING DES RESPONSABLES DE GESTION DES RENCONTRES : <\/strong><\/p>\n\n\n\n<p><a href=\"https:\/\/csb-osthouse.fr\/wp-content\/uploads\/2025\/11\/Planning-responsable-aller-2025_2026.pdf\" target=\"_blank\" rel=\"noreferrer noopener\">Responsables phase ALLER<\/a><\/p>\n\n\n\n<p class=\"has-text-color\" style=\"color:#ff7700\"><strong>PLANNING DES ENTRA\u00ceNEMENTS 2025-2026: <\/strong><\/p>\n\n\n<p><a href=\"https:\/\/csb-osthouse.fr\/wp-content\/uploads\/2025\/08\/Capture-decran-2025-08-06-160958.png\" target=\"_blank\" rel=\"noopener noreferrer\">Planning entra\u00eenements Lundi, Mardi Mercredi<\/a><\/p>\n<p><a href=\"https:\/\/csb-osthouse.fr\/wp-content\/uploads\/2025\/08\/Capture-decran-2025-08-06-161019.png\" target=\"_blank\" rel=\"noopener\">Planning entra\u00eenements Jeudi &amp; Vendredi<\/a><\/p>\n\n\n<p>Pour tous renseignements (report de matchs, licences, planning) vous pouvez contacter Fran\u00e7oise SCHULTZ correspondant@csb-osthouse.fr<\/p>\n\n\n\n<p class=\"has-text-color\" style=\"color:#ff7700\"><strong>ECOLE DE BASKET :<\/strong><\/p>\n\n\n\n<p class=\"has-text-align-left\"><strong>Cat\u00e9gorie U7 &amp; U9 :<\/strong><br>Le mercredi de 15h15 \u00e0 16h30, pour les enfants n\u00e9s en 2016, 2017, 2018 et 2019<\/p>\n\n\n\n<p class=\"has-luminous-vivid-orange-color has-text-color has-link-color wp-elements-8bb2de32e9642741f7c06902baee6776\"><strong>MICRO BASKET<\/strong><\/p>\n\n\n\n<p>Le samedi matin de 10h00 \u00e0 11h00 pour les enfants de 3 \u00e0 5 ans (possibilit\u00e9 2ans 1\/2) soit n\u00e9e en 2021, 2022 et 2023. <strong>D\u00e9marrage le Samedi 13 Septembre 2025<\/strong><\/p>\n\n\n\n<p class=\"has-text-color\" style=\"color:#ff7700\">Pour tout renseignement vous pouvez contacter Charl\u00e8ne 06.85.96.01.50 &#8211; contact@csb-osthouse.fr<\/p>\n\n\n\n<p><mark style=\"background-color:rgba(0, 0, 0, 0)\" class=\"has-inline-color has-vivid-green-cyan-color\"><strong>TARIF pour la saison 2025-2026<\/strong><\/mark><\/p>\n\n\n\n<ul class=\"wp-block-list\">\n<li><u>Tarif jeune micro basket, ann\u00e9es 2020 \u00e0 2023 :&nbsp; 80 \u20ac<\/u>&nbsp;&nbsp;<\/li>\n\n\n\n<li><u>Tarif jeune U7 \u00e0 U13, ann\u00e9es 2014 \u00e0 2019 :&nbsp; 80 \u20ac<\/u>&nbsp;&nbsp;<\/li>\n\n\n\n<li><u>Tarif U15&nbsp; ann\u00e9es 2011 &amp; 2012&nbsp; :&nbsp; 95 \u20ac<\/u>&nbsp;(dont 15 \u20ac de tombolas Cr\u00e9dit Mutuel )<\/li>\n\n\n\n<li><u>Tarif Cadets\/ttes&nbsp; U18 &nbsp;Masculins\/F\u00e9minines- ann\u00e9es 2008 &amp; 2009 &amp; 2010 &nbsp;100 \u20ac<\/u> (dont 15 \u20ac de tombolas Cr\u00e9dit Mutuel)<\/li>\n\n\n\n<li><u>Tarif&nbsp; Juniors U21&nbsp; &amp; Seniors&nbsp;: 120 <\/u>\u20ac&nbsp; (dont 15 \u20ac de tombolas Cr\u00e9dit Mutuel ) <\/li>\n\n\n\n<li><u>Tarif Entraineurs-\/joueurs &nbsp;\u2013 Arbitre officiel&nbsp;\/ joueur :&nbsp; 40 \u20ac<\/u> (dont 15&nbsp; \u20ac de tombolas Cr\u00e9dit Mutuel<\/li>\n\n\n\n<li><u>Tarif Dirigeant&nbsp;: 25 \u20ac<\/u><\/li>\n\n\n\n<li>TARIF d\u00e9gressif pour une famille \u00e0 la&nbsp;m\u00eame adresse : 2 licences -2 \u20ac, 3 licences \u2013 4 \u20ac, 4 licences \u2013 6 \u20ac etc&nbsp;\u2026\u2026<\/li>\n\n\n\n<li><strong>PASS SPORT&nbsp;:<\/strong> si c\u2019est encore reconduit pour la saison \u00e0 venir et que vous avez eu &nbsp;le courrier\/mail de confirmation de l\u2019ETAT pour votre enfant, veuillez me le transmettre par mail sous correspondant@csb-osthouse.fr<\/li>\n<\/ul>\n","protected":false},"excerpt":{"rendered":"<p>Nous sommes depuis quelques ann\u00e9es en CTC avec les clubs de Westhouse et Schaeffersheim \u00e0 partir des cat\u00e9gories U11 jusqu&rsquo;\u00e0 U21, et depuis 2024&#8230;<\/p>\n","protected":false},"author":2,"featured_media":0,"parent":0,"menu_order":0,"comment_status":"closed","ping_status":"closed","template":"","meta":{"footnotes":""},"class_list":["post-20","page","type-page","status-publish","hentry"],"_links":{"self":[{"href":"https:\/\/csb-osthouse.fr\/index.php?rest_route=\/wp\/v2\/pages\/20","targetHints":{"allow":["GET"]}}],"collection":[{"href":"https:\/\/csb-osthouse.fr\/index.php?rest_route=\/wp\/v2\/pages"}],"about":[{"href":"https:\/\/csb-osthouse.fr\/index.php?rest_route=\/wp\/v2\/types\/page"}],"author":[{"embeddable":true,"href":"https:\/\/csb-osthouse.fr\/index.php?rest_route=\/wp\/v2\/users\/2"}],"replies":[{"embeddable":true,"href":"https:\/\/csb-osthouse.fr\/index.php?rest_route=%2Fwp%2Fv2%2Fcomments&post=20"}],"version-history":[{"count":85,"href":"https:\/\/csb-osthouse.fr\/index.php?rest_route=\/wp\/v2\/pages\/20\/revisions"}],"predecessor-version":[{"id":2031,"href":"https:\/\/csb-osthouse.fr\/index.php?rest_route=\/wp\/v2\/pages\/20\/revisions\/2031"}],"wp:attachment":[{"href":"https:\/\/csb-osthouse.fr\/index.php?rest_route=%2Fwp%2Fv2%2Fmedia&parent=20"}],"curies":[{"name":"wp","href":"https:\/\/api.w.org\/{rel}","templated":true}]}}