{"id":2004,"date":"2025-10-09T09:23:16","date_gmt":"2025-10-09T07:23:16","guid":{"rendered":"https:\/\/csb-osthouse.fr\/?page_id=2004"},"modified":"2025-10-10T09:01:06","modified_gmt":"2025-10-10T07:01:06","slug":"inscription-ag-csbo-2025","status":"publish","type":"page","link":"https:\/\/csb-osthouse.fr\/?page_id=2004","title":{"rendered":"Inscription AG CSBO 2025 du 10 Novembre 2025"},"content":{"rendered":"\n<p>Date limite d&rsquo;inscription : 25\/10\/2025<\/p>\n\n\n\n<p><em>Du fait que nous fassions appel \u00e0 un traiteur, toute annulation apr\u00e8s cette date sera due. Merci de votre compr\u00e9hension. <\/em><\/p>\n\n\n\n<div class=\"forminator-guttenberg\"><div class=\"forminator-ui forminator-custom-form forminator-custom-form-1618 forminator-design--default  forminator_ajax\" data-forminator-render=\"0\" data-form=\"forminator-module-1618\" data-uid=\"69e5b7315425c\"><br\/><\/div><form\n\t\t\t\tid=\"forminator-module-1618\"\n\t\t\t\tclass=\"forminator-ui forminator-custom-form forminator-custom-form-1618 forminator-design--default  forminator_ajax\"\n\t\t\t\tmethod=\"post\"\n\t\t\t\tdata-forminator-render=\"0\"\n\t\t\t\tdata-form-id=\"1618\"\n\t\t\t\t data-color-option=\"theme\" data-design=\"default\" data-grid=\"open\" style=\"display: none;\"\n\t\t\t\tdata-uid=\"69e5b7315425c\"\n\t\t\t><div role=\"alert\" aria-live=\"polite\" class=\"forminator-response-message forminator-error\" aria-hidden=\"true\"><\/div><div class=\"forminator-row\"><div id=\"name-2\" class=\"forminator-field-name forminator-col forminator-col-6 \"><div class=\"forminator-field\"><label for=\"forminator-field-name-2_69e5b7315425c\" id=\"forminator-field-name-2_69e5b7315425c-label\" class=\"forminator-label\">Nom<\/label><input type=\"text\" name=\"name-2\" value=\"\" placeholder=\"Par exemple\u00a0: Jacques Martin\" id=\"forminator-field-name-2_69e5b7315425c\" class=\"forminator-input forminator-name--field\" aria-required=\"false\" autocomplete=\"name\" \/><\/div><\/div><div id=\"name-1\" class=\"forminator-field-name forminator-col forminator-col-6 \"><div class=\"forminator-field\"><label for=\"forminator-field-name-1_69e5b7315425c\" id=\"forminator-field-name-1_69e5b7315425c-label\" class=\"forminator-label\">Pr\u00e9nom <span class=\"forminator-required\">*<\/span><\/label><input type=\"text\" name=\"name-1\" value=\"\" placeholder=\"Par exemple\u00a0: Jean\" id=\"forminator-field-name-1_69e5b7315425c\" class=\"forminator-input forminator-name--field\" aria-required=\"true\" autocomplete=\"name\" \/><\/div><\/div><\/div><div class=\"forminator-row\"><div id=\"email-1\" class=\"forminator-field-email forminator-col forminator-col-12 \"><div class=\"forminator-field\"><label for=\"forminator-field-email-1_69e5b7315425c\" id=\"forminator-field-email-1_69e5b7315425c-label\" class=\"forminator-label\">Adresse de messagerie <span class=\"forminator-required\">*<\/span><\/label><input type=\"email\" name=\"email-1\" value=\"\" placeholder=\"Par exemple\u00a0: jacques@martin.com\" id=\"forminator-field-email-1_69e5b7315425c\" class=\"forminator-input forminator-email--field\" data-required=\"true\" aria-required=\"true\" autocomplete=\"email\" \/><\/div><\/div><\/div><div class=\"forminator-row\"><div id=\"number-5\" class=\"forminator-field-number forminator-col forminator-col-6 \"><div class=\"forminator-field\"><label for=\"forminator-field-number-5_69e5b7315425c\" id=\"forminator-field-number-5_69e5b7315425c-label\" class=\"forminator-label\">Enfant(s) licenci\u00e9(s) <span class=\"forminator-required\">*<\/span><\/label><input name=\"number-5\" value=\"Gratuit\" placeholder=\"Nombre\" id=\"forminator-field-number-5_69e5b7315425c\" class=\"forminator-input forminator-number--field\" inputmode=\"decimal\" data-required=\"1\" data-decimals=\"0\" aria-required=\"true\" data-inputmask=\"&#039;groupSeparator&#039;: &#039;&#039;, &#039;radixPoint&#039;: &#039;&#039;, &#039;digits&#039;: &#039;0&#039;\" data-hidden-behavior=\"zero\" type=\"number\" step=\"any\" min=\"0\" max=\"4\" \/><\/div><\/div><div id=\"number-1\" class=\"forminator-field-number forminator-col forminator-col-6 \"><div class=\"forminator-field\"><label for=\"forminator-field-number-1_69e5b7315425c\" id=\"forminator-field-number-1_69e5b7315425c-label\" class=\"forminator-label\">Parents du licenci\u00e9 : <span class=\"forminator-required\">*<\/span><\/label><input name=\"number-1\" value=\"15\u20ac\/adulte\" placeholder=\"Nombre\" id=\"forminator-field-number-1_69e5b7315425c\" class=\"forminator-input forminator-number--field\" inputmode=\"decimal\" data-required=\"1\" data-decimals=\"0\" aria-required=\"true\" data-inputmask=\"&#039;groupSeparator&#039;: &#039;&#039;, &#039;radixPoint&#039;: &#039;&#039;, &#039;digits&#039;: &#039;0&#039;\" data-hidden-behavior=\"zero\" type=\"number\" step=\"any\" min=\"0\" max=\"4\" \/><\/div><\/div><\/div><div class=\"forminator-row\"><div id=\"number-4\" class=\"forminator-field-number forminator-col forminator-col-6 \"><div class=\"forminator-field\"><label for=\"forminator-field-number-4_69e5b7315425c\" id=\"forminator-field-number-4_69e5b7315425c-label\" class=\"forminator-label\">Fr\u00e8re\/Soeur du jeune licenci\u00e9 : &lt; 12ans <span class=\"forminator-required\">*<\/span><\/label><input name=\"number-4\" value=\"10\u20ac\/enfants\" placeholder=\"Nombre\" id=\"forminator-field-number-4_69e5b7315425c\" class=\"forminator-input forminator-number--field\" inputmode=\"decimal\" data-required=\"1\" data-decimals=\"0\" aria-required=\"true\" data-inputmask=\"&#039;groupSeparator&#039;: &#039;&#039;, &#039;radixPoint&#039;: &#039;&#039;, &#039;digits&#039;: &#039;0&#039;\" data-hidden-behavior=\"zero\" type=\"number\" step=\"any\" min=\"0\" max=\"4\" \/><\/div><\/div><div id=\"number-6\" class=\"forminator-field-number forminator-col forminator-col-6 \"><div class=\"forminator-field\"><label for=\"forminator-field-number-6_69e5b7315425c\" id=\"forminator-field-number-6_69e5b7315425c-label\" class=\"forminator-label\">Fr\u00e8re\/Soeur du jeune licenci\u00e9 : &gt; 12ans <span class=\"forminator-required\">*<\/span><\/label><input name=\"number-6\" value=\"15\u20ac\/enfants\" placeholder=\"Nombre\" id=\"forminator-field-number-6_69e5b7315425c\" class=\"forminator-input forminator-number--field\" inputmode=\"decimal\" data-required=\"1\" data-decimals=\"0\" aria-required=\"true\" data-inputmask=\"&#039;groupSeparator&#039;: &#039;&#039;, &#039;radixPoint&#039;: &#039;&#039;, &#039;digits&#039;: &#039;0&#039;\" data-hidden-behavior=\"zero\" type=\"number\" step=\"any\" min=\"0\" max=\"4\" \/><\/div><\/div><\/div><div class=\"forminator-row\"><div id=\"number-2\" class=\"forminator-field-number forminator-col forminator-col-6 \"><div class=\"forminator-field\"><label for=\"forminator-field-number-2_69e5b7315425c\" id=\"forminator-field-number-2_69e5b7315425c-label\" class=\"forminator-label\">Adulte(s) licenci\u00e9(s)+conjoint <span class=\"forminator-required\">*<\/span><\/label><input name=\"number-2\" value=\"Gratuit\" placeholder=\"Nombre\" id=\"forminator-field-number-2_69e5b7315425c\" class=\"forminator-input forminator-number--field\" inputmode=\"decimal\" data-required=\"1\" data-decimals=\"0\" aria-required=\"true\" data-inputmask=\"&#039;groupSeparator&#039;: &#039;&#039;, &#039;radixPoint&#039;: &#039;&#039;, &#039;digits&#039;: &#039;0&#039;\" data-hidden-behavior=\"zero\" type=\"number\" step=\"any\" min=\"0\" max=\"4\" \/><\/div><\/div><div id=\"number-3\" class=\"forminator-field-number forminator-col forminator-col-6 \"><div class=\"forminator-field\"><label for=\"forminator-field-number-3_69e5b7315425c\" id=\"forminator-field-number-3_69e5b7315425c-label\" class=\"forminator-label\">Adulte(s) licenci\u00e9(s): enfants <span class=\"forminator-required\">*<\/span><\/label><input name=\"number-3\" value=\"Gratuit\" placeholder=\"Nombre\" id=\"forminator-field-number-3_69e5b7315425c\" class=\"forminator-input forminator-number--field\" inputmode=\"decimal\" data-required=\"1\" data-decimals=\"0\" aria-required=\"true\" data-inputmask=\"&#039;groupSeparator&#039;: &#039;&#039;, &#039;radixPoint&#039;: &#039;&#039;, &#039;digits&#039;: &#039;0&#039;\" data-hidden-behavior=\"zero\" type=\"number\" step=\"any\" min=\"0\" max=\"4\" \/><\/div><\/div><\/div><div class=\"forminator-row\"><div id=\"calculation-1\" class=\"forminator-field-calculation forminator-col forminator-col-12 \"><div class=\"forminator-field\"><label for=\"calculation-1-field_69e5b7315425c\" id=\"calculation-1-field_69e5b7315425c-label\" class=\"forminator-label\">Nombre total de participant gratuit<\/label><input type=\"text\" name=\"calculation-1\" value=\"\" id=\"calculation-1-field_69e5b7315425c\" class=\"forminator-calculation forminator-input\" data-formula=\"{number-5}+{number-2}+{number-3}\" data-required=\"\" data-decimal-point=\".\" data-precision=\"2\" data-is-hidden=\"\" disabled=\"disabled\" data-decimals=\"2\" data-inputmask=\"&#039;groupSeparator&#039;: &#039;&#039;, &#039;radixPoint&#039;: &#039;.&#039;, &#039;digits&#039;: &#039;2&#039;\" readonly=\"readonly\" data-hidden-behavior=\"zero\" \/><\/div><\/div><\/div><div class=\"forminator-row\"><div id=\"calculation-2\" class=\"forminator-field-calculation forminator-col forminator-col-12 \"><div class=\"forminator-field\"><label for=\"calculation-2-field_69e5b7315425c\" id=\"calculation-2-field_69e5b7315425c-label\" class=\"forminator-label\">Nombre total de participant(s) payant<\/label><input type=\"text\" name=\"calculation-2\" value=\"\" id=\"calculation-2-field_69e5b7315425c\" class=\"forminator-calculation forminator-input\" data-formula=\"{number-1}+{number-4}+{number-6}\" data-required=\"\" data-decimal-point=\".\" data-precision=\"2\" data-is-hidden=\"\" disabled=\"disabled\" data-decimals=\"2\" data-inputmask=\"&#039;groupSeparator&#039;: &#039;&#039;, &#039;radixPoint&#039;: &#039;.&#039;, &#039;digits&#039;: &#039;2&#039;\" readonly=\"readonly\" data-hidden-behavior=\"zero\" \/><\/div><\/div><\/div><div class=\"forminator-row\"><div id=\"calculation-3\" class=\"forminator-field-calculation forminator-col forminator-col-12 \"><div class=\"forminator-field\"><label for=\"calculation-3-field_69e5b7315425c\" id=\"calculation-3-field_69e5b7315425c-label\" class=\"forminator-label\">Total \u00e0 payer<\/label><div class=\"forminator-input forminator-input-with-prefix\"><span class=\"forminator-prefix\">\u20ac<\/span><input type=\"text\" name=\"calculation-3\" value=\"\" id=\"calculation-3-field_69e5b7315425c\" class=\"forminator-calculation\" data-formula=\"({number-1}*15)+({number-4}*10)+({number-6}*15)\" data-required=\"\" data-decimal-point=\".\" data-precision=\"2\" data-is-hidden=\"\" disabled=\"disabled\" data-decimals=\"2\" data-inputmask=\"&#039;groupSeparator&#039;: &#039;&#039;, &#039;radixPoint&#039;: &#039;.&#039;, &#039;digits&#039;: &#039;2&#039;\" readonly=\"readonly\" data-hidden-behavior=\"zero\" aria-describedby=\"calculation-3-field_69e5b7315425c-description\" \/><span class=\"forminator-suffix\"><\/span><\/div><span id=\"calculation-3-field_69e5b7315425c-description\" class=\"forminator-description\">Le paiement se fera lors de la soir\u00e9e par ch\u00e8que, esp\u00e8ces ou CB. Toute r\u00e9servation annul\u00e9e apr\u00e8s la date limite sera due.<\/span><\/div><\/div><\/div><input type=\"hidden\" name=\"referer_url\" value=\"\" \/><div class=\"forminator-row forminator-row-last\"><div class=\"forminator-col\"><div class=\"forminator-field\"><button class=\"forminator-button forminator-button-submit\">Envoyer le message<\/button><\/div><\/div><\/div><input type=\"hidden\" id=\"forminator_nonce\" name=\"forminator_nonce\" value=\"009a060163\" \/><input type=\"hidden\" name=\"_wp_http_referer\" value=\"\/index.php?rest_route=%2Fwp%2Fv2%2Fpages%2F2004\" \/><input type=\"hidden\" name=\"form_id\" value=\"1618\"><input type=\"hidden\" name=\"page_id\" value=\"2004\"><input type=\"hidden\" name=\"form_type\" value=\"default\"><input type=\"hidden\" name=\"current_url\" value=\"https:\/\/csb-osthouse.fr\/?page_id=2004\"><input type=\"hidden\" name=\"render_id\" value=\"0\"><input type=\"hidden\" name=\"action\" value=\"forminator_submit_form_custom-forms\"><\/form><\/div>\n","protected":false},"excerpt":{"rendered":"<p>Date limite d&rsquo;inscription : 25\/10\/2025 Du fait que nous fassions appel \u00e0 un traiteur, toute annulation apr\u00e8s cette date sera due. Merci de votre&#8230;<\/p>\n","protected":false},"author":3,"featured_media":0,"parent":23,"menu_order":0,"comment_status":"closed","ping_status":"closed","template":"","meta":{"footnotes":""},"class_list":["post-2004","page","type-page","status-publish","hentry"],"_links":{"self":[{"href":"https:\/\/csb-osthouse.fr\/index.php?rest_route=\/wp\/v2\/pages\/2004","targetHints":{"allow":["GET"]}}],"collection":[{"href":"https:\/\/csb-osthouse.fr\/index.php?rest_route=\/wp\/v2\/pages"}],"about":[{"href":"https:\/\/csb-osthouse.fr\/index.php?rest_route=\/wp\/v2\/types\/page"}],"author":[{"embeddable":true,"href":"https:\/\/csb-osthouse.fr\/index.php?rest_route=\/wp\/v2\/users\/3"}],"replies":[{"embeddable":true,"href":"https:\/\/csb-osthouse.fr\/index.php?rest_route=%2Fwp%2Fv2%2Fcomments&post=2004"}],"version-history":[{"count":3,"href":"https:\/\/csb-osthouse.fr\/index.php?rest_route=\/wp\/v2\/pages\/2004\/revisions"}],"predecessor-version":[{"id":2020,"href":"https:\/\/csb-osthouse.fr\/index.php?rest_route=\/wp\/v2\/pages\/2004\/revisions\/2020"}],"up":[{"embeddable":true,"href":"https:\/\/csb-osthouse.fr\/index.php?rest_route=\/wp\/v2\/pages\/23"}],"wp:attachment":[{"href":"https:\/\/csb-osthouse.fr\/index.php?rest_route=%2Fwp%2Fv2%2Fmedia&parent=2004"}],"curies":[{"name":"wp","href":"https:\/\/api.w.org\/{rel}","templated":true}]}}