{"id":2010,"date":"2025-11-19T14:14:06","date_gmt":"2025-11-19T13:14:06","guid":{"rendered":"https:\/\/csb-osthouse.fr\/?page_id=2010"},"modified":"2025-11-19T14:14:07","modified_gmt":"2025-11-19T13:14:07","slug":"inscription-soiree-harengs","status":"publish","type":"page","link":"https:\/\/csb-osthouse.fr\/?page_id=2010","title":{"rendered":"Inscription Soir\u00e9e Harengs"},"content":{"rendered":"\n<p class=\"has-black-color has-text-color has-link-color wp-elements-914af442dab49ba57f144bad5c8889b9\"><strong>Date limite d&rsquo;inscription : 14\/01\/2026<\/strong><\/p>\n\n\n\n<p class=\"has-luminous-vivid-amber-color has-text-color has-link-color wp-elements-af186513bf9cf3cd116fa165095fbdf3\">La soir\u00e9e annonce d\u00e9j\u00e0 complet, mais avons rajout\u00e9 le Samedi 24 Janvier 2026. <\/p>\n\n\n\n<div class=\"forminator-guttenberg\"><div class=\"forminator-ui forminator-custom-form forminator-custom-form-1727 forminator-design--default  forminator_ajax\" data-forminator-render=\"0\" data-form=\"forminator-module-1727\" data-uid=\"69e5cab502c10\"><br\/><\/div><form\n\t\t\t\tid=\"forminator-module-1727\"\n\t\t\t\tclass=\"forminator-ui forminator-custom-form forminator-custom-form-1727 forminator-design--default  forminator_ajax\"\n\t\t\t\tmethod=\"post\"\n\t\t\t\tdata-forminator-render=\"0\"\n\t\t\t\tdata-form-id=\"1727\"\n\t\t\t\t data-color-option=\"default\" data-design=\"default\" data-grid=\"open\" style=\"display: none;\"\n\t\t\t\tdata-uid=\"69e5cab502c10\"\n\t\t\t><div role=\"alert\" aria-live=\"polite\" class=\"forminator-response-message forminator-error\" aria-hidden=\"true\"><\/div><div class=\"forminator-row\"><div id=\"name-2\" class=\"forminator-field-name forminator-col forminator-col-6 \"><div class=\"forminator-field\"><label for=\"forminator-field-name-2_69e5cab502c10\" id=\"forminator-field-name-2_69e5cab502c10-label\" class=\"forminator-label\">Nom<\/label><input type=\"text\" name=\"name-2\" value=\"\" placeholder=\"Par exemple\u00a0: Jacques Martin\" id=\"forminator-field-name-2_69e5cab502c10\" class=\"forminator-input forminator-name--field\" aria-required=\"false\" autocomplete=\"name\" \/><\/div><\/div><div id=\"name-1\" class=\"forminator-field-name forminator-col forminator-col-6 \"><div class=\"forminator-field\"><label for=\"forminator-field-name-1_69e5cab502c10\" id=\"forminator-field-name-1_69e5cab502c10-label\" class=\"forminator-label\">Pr\u00e9nom <span class=\"forminator-required\">*<\/span><\/label><input type=\"text\" name=\"name-1\" value=\"\" placeholder=\"Par exemple\u00a0: Jean\" id=\"forminator-field-name-1_69e5cab502c10\" class=\"forminator-input forminator-name--field\" aria-required=\"true\" autocomplete=\"name\" \/><\/div><\/div><\/div><div class=\"forminator-row\"><div id=\"phone-1\" class=\"forminator-field-phone forminator-col forminator-col-6 \"><div class=\"forminator-field\"><label for=\"forminator-field-phone-1_69e5cab502c10\" id=\"forminator-field-phone-1_69e5cab502c10-label\" class=\"forminator-label\">Num\u00e9ro de t\u00e9l\u00e9phone<\/label><input type=\"text\" name=\"phone-1\" value=\"\" placeholder=\"Par exemple\u00a0: +1 02 03 04 05\" id=\"forminator-field-phone-1_69e5cab502c10\" class=\"forminator-input forminator-field--phone\" data-required=\"\" aria-required=\"false\" autocomplete=\"off\" \/><\/div><\/div><div id=\"email-1\" class=\"forminator-field-email forminator-col forminator-col-6 \"><div class=\"forminator-field\"><label for=\"forminator-field-email-1_69e5cab502c10\" id=\"forminator-field-email-1_69e5cab502c10-label\" class=\"forminator-label\">Adresse de messagerie <span class=\"forminator-required\">*<\/span><\/label><input type=\"email\" name=\"email-1\" value=\"\" placeholder=\"Par exemple\u00a0: jacques@martin.com\" id=\"forminator-field-email-1_69e5cab502c10\" class=\"forminator-input forminator-email--field\" data-required=\"true\" aria-required=\"true\" autocomplete=\"email\" \/><\/div><\/div><\/div><div class=\"forminator-row\"><div id=\"textarea-1\" class=\"forminator-field-textarea forminator-col forminator-col-12 \"><div class=\"forminator-field\"><label for=\"forminator-field-textarea-1_69e5cab502c10\" id=\"forminator-field-textarea-1_69e5cab502c10-label\" class=\"forminator-label\">Message<\/label><textarea name=\"textarea-1\" placeholder=\"Nom du groupe ou placement souhait\u00e9.\" id=\"forminator-field-textarea-1_69e5cab502c10\" class=\"forminator-textarea\" rows=\"6\" style=\"min-height:70px;\" maxlength=\"80\" aria-describedby=\"forminator-field-textarea-1_69e5cab502c10-description\" ><\/textarea><span id=\"forminator-field-textarea-1_69e5cab502c10-description\" class=\"forminator-description\">Si ajout \u00e0 un groupe merci de pr\u00e9ciser le nom de la r\u00e9servation initiale.<span data-limit=\"80\" data-type=\"characters\" data-editor=\"\">0 \/ 80<\/span><\/span><\/div><\/div><\/div><div class=\"forminator-row\"><div id=\"number-1\" class=\"forminator-field-number forminator-col forminator-col-12 \"><div class=\"forminator-field\"><label for=\"forminator-field-number-1_69e5cab502c10\" id=\"forminator-field-number-1_69e5cab502c10-label\" class=\"forminator-label\">Nombre de Personnes <span class=\"forminator-required\">*<\/span><\/label><input name=\"number-1\" value=\"Tarif par personnes 25\u20ac (Repas, dessert, caf\u00e9s)\" placeholder=\"\" id=\"forminator-field-number-1_69e5cab502c10\" class=\"forminator-input forminator-number--field\" inputmode=\"decimal\" data-required=\"1\" data-decimals=\"0\" aria-required=\"true\" data-inputmask=\"&#039;groupSeparator&#039;: &#039;&#039;, &#039;radixPoint&#039;: &#039;&#039;, &#039;digits&#039;: &#039;0&#039;\" type=\"number\" step=\"any\" min=\"1\" max=\"50\" aria-describedby=\"forminator-field-number-1_69e5cab502c10-description\" \/><span id=\"forminator-field-number-1_69e5cab502c10-description\" class=\"forminator-description\">Pour le tarif enfant merci de nous consulter.<\/span><\/div><\/div><\/div><div class=\"forminator-row\"><div id=\"number-2\" class=\"forminator-field-number forminator-col forminator-col-12 \"><div class=\"forminator-field\"><label for=\"forminator-field-number-2_69e5cab502c10\" id=\"forminator-field-number-2_69e5cab502c10-label\" class=\"forminator-label\">Harengs <span class=\"forminator-required\">*<\/span><\/label><input name=\"number-2\" value=\"\" placeholder=\"Nombre\" id=\"forminator-field-number-2_69e5cab502c10\" class=\"forminator-input forminator-number--field\" inputmode=\"decimal\" data-required=\"1\" data-decimals=\"0\" aria-required=\"true\" data-inputmask=\"&#039;groupSeparator&#039;: &#039;&#039;, &#039;radixPoint&#039;: &#039;&#039;, &#039;digits&#039;: &#039;0&#039;\" data-hidden-behavior=\"zero\" type=\"number\" step=\"any\" min=\"0\" max=\"150\" \/><\/div><\/div><\/div><div class=\"forminator-row\"><div id=\"number-3\" class=\"forminator-field-number forminator-col forminator-col-12 \"><div class=\"forminator-field\"><label for=\"forminator-field-number-3_69e5cab502c10\" id=\"forminator-field-number-3_69e5cab502c10-label\" class=\"forminator-label\">Jambon \u00e0 l&#039;os <span class=\"forminator-required\">*<\/span><\/label><input name=\"number-3\" value=\"\" placeholder=\"Nombre\" id=\"forminator-field-number-3_69e5cab502c10\" class=\"forminator-input forminator-number--field\" inputmode=\"decimal\" data-required=\"1\" data-decimals=\"0\" aria-required=\"true\" data-inputmask=\"&#039;groupSeparator&#039;: &#039;&#039;, &#039;radixPoint&#039;: &#039;&#039;, &#039;digits&#039;: &#039;0&#039;\" data-hidden-behavior=\"zero\" type=\"number\" step=\"any\" min=\"0\" max=\"150\" \/><\/div><\/div><\/div><div class=\"forminator-row\"><div id=\"calculation-1\" class=\"forminator-field-calculation forminator-col forminator-col-12 \"><div class=\"forminator-field\"><label for=\"calculation-1-field_69e5cab502c10\" id=\"calculation-1-field_69e5cab502c10-label\" class=\"forminator-label\">Total \u00e0 payer<\/label><div class=\"forminator-input forminator-input-with-prefix\"><span class=\"forminator-prefix\">Prix total<\/span><input type=\"text\" name=\"calculation-1\" value=\"\" id=\"calculation-1-field_69e5cab502c10\" class=\"forminator-calculation\" data-formula=\"({number-1}*25)\" data-required=\"\" data-decimal-point=\"\" data-precision=\"0\" data-is-hidden=\"\" disabled=\"disabled\" data-decimals=\"0\" data-inputmask=\"&#039;groupSeparator&#039;: &#039;&#039;, &#039;radixPoint&#039;: &#039;&#039;, &#039;digits&#039;: &#039;0&#039;\" readonly=\"readonly\" aria-describedby=\"calculation-1-field_69e5cab502c10-description\" \/><span class=\"forminator-suffix\">\u20ac<\/span><\/div><span id=\"calculation-1-field_69e5cab502c10-description\" class=\"forminator-description\">25\u20ac x nombre de personne = Total<\/span><\/div><\/div><\/div><div class=\"forminator-row\"><div id=\"textarea-2\" class=\"forminator-field-textarea forminator-col forminator-col-12 \"><div class=\"forminator-field\"><label for=\"forminator-field-textarea-2_69e5cab502c10\" id=\"forminator-field-textarea-2_69e5cab502c10-label\" class=\"forminator-label\">Modalit\u00e9 de paiement<\/label><textarea name=\"textarea-2\" placeholder=\"L&#039;inscription sera valid\u00e9e par le paiement du total \u00e0 payer indiqu\u00e9 dans le formulaire. Vous pouvez r\u00e9gler par ch\u00e8que \u00e0 l&#039;ordre du CSB Osthouse \u00e0 transmettre \u00e0 Mme Sonia ANDRES 27 rue d&#039;Erstein 67150 OSTHOUSE ou par virement bancaire CCM Plaine de l&#039;Ill FR76 1027 8012 0000 0760 4054 080 CMCIFR2A.\nUne confirmation par mail vous sera transmise d\u00e8s r\u00e9ception du paiement.\" id=\"forminator-field-textarea-2_69e5cab502c10\" class=\"forminator-textarea\" rows=\"6\" style=\"min-height:140px;\" ><\/textarea><\/div><\/div><\/div><div class=\"forminator-row\"><div id=\"checkbox-1\" class=\"forminator-field-checkbox forminator-col forminator-col-12 \"><div role=\"group\" class=\"forminator-field\" aria-labelledby=\"forminator-checkbox-group-forminator-field-checkbox-1-69e5cab502c10-label\"><span id=\"forminator-checkbox-group-forminator-field-checkbox-1-69e5cab502c10-label\" class=\"forminator-label\">Cases \u00e0 cocher<\/span><label id=\"forminator-field-checkbox-1-1-69e5cab502c10-label\" for=\"forminator-field-checkbox-1-1-69e5cab502c10\" class=\"forminator-checkbox\" title=\"Ch\u00e8que\"><input type=\"checkbox\" name=\"checkbox-1[]\" value=\"Ch\u00e8que\" id=\"forminator-field-checkbox-1-1-69e5cab502c10\" aria-labelledby=\"forminator-field-checkbox-1-1-69e5cab502c10-label\" data-calculation=\"0\"   aria-describedby=\"forminator-field-checkbox-1-69e5cab502c10-description\"\/><span class=\"forminator-checkbox-box\" aria-hidden=\"true\"><\/span><span class=\"forminator-checkbox-label\">Ch\u00e8que<\/span><\/label><label id=\"forminator-field-checkbox-1-2-69e5cab502c10-label\" for=\"forminator-field-checkbox-1-2-69e5cab502c10\" class=\"forminator-checkbox\" title=\"Virement\"><input type=\"checkbox\" name=\"checkbox-1[]\" value=\"Virement\" id=\"forminator-field-checkbox-1-2-69e5cab502c10\" aria-labelledby=\"forminator-field-checkbox-1-2-69e5cab502c10-label\" data-calculation=\"0\"   aria-describedby=\"forminator-field-checkbox-1-69e5cab502c10-description\"\/><span class=\"forminator-checkbox-box\" aria-hidden=\"true\"><\/span><span class=\"forminator-checkbox-label\">Virement<\/span><\/label><label id=\"forminator-field-checkbox-1-3-69e5cab502c10-label\" for=\"forminator-field-checkbox-1-3-69e5cab502c10\" class=\"forminator-checkbox\" title=\"Esp\u00e8ce\"><input type=\"checkbox\" name=\"checkbox-1[]\" value=\"Esp\u00e8ce\" id=\"forminator-field-checkbox-1-3-69e5cab502c10\" aria-labelledby=\"forminator-field-checkbox-1-3-69e5cab502c10-label\" data-calculation=\"0\"   aria-describedby=\"forminator-field-checkbox-1-69e5cab502c10-description\"\/><span class=\"forminator-checkbox-box\" aria-hidden=\"true\"><\/span><span class=\"forminator-checkbox-label\">Esp\u00e8ce<\/span><\/label><span id=\"forminator-field-checkbox-1-69e5cab502c10-description\" class=\"forminator-description\">Mode de Paiement<\/span><\/div><\/div><\/div><input type=\"hidden\" name=\"referer_url\" value=\"\" \/><div class=\"forminator-row forminator-row-last\"><div class=\"forminator-col\"><div class=\"forminator-field\"><button class=\"forminator-button forminator-button-submit\">Envoyer le message<\/button><\/div><\/div><\/div><input type=\"hidden\" id=\"forminator_nonce\" name=\"forminator_nonce\" value=\"c7aafb55af\" \/><input type=\"hidden\" name=\"_wp_http_referer\" value=\"\/index.php?rest_route=%2Fwp%2Fv2%2Fpages%2F2010\" \/><input type=\"hidden\" name=\"form_id\" value=\"1727\"><input type=\"hidden\" name=\"page_id\" value=\"2010\"><input type=\"hidden\" name=\"form_type\" value=\"default\"><input type=\"hidden\" name=\"current_url\" value=\"https:\/\/csb-osthouse.fr\/?page_id=2010\"><input type=\"hidden\" name=\"render_id\" value=\"0\"><input type=\"hidden\" name=\"action\" value=\"forminator_submit_form_custom-forms\"><\/form><\/div>\n\n\n\n<p class=\"has-luminous-vivid-amber-color has-text-color has-link-color wp-elements-db687914453984b445e3ab8d4756e705\"><em>Toute r\u00e9servation annul\u00e9e apr\u00e8s la date limite sera due<\/em>. <\/p>\n","protected":false},"excerpt":{"rendered":"<p>Date limite d&rsquo;inscription : 14\/01\/2026 La soir\u00e9e annonce d\u00e9j\u00e0 complet, mais avons rajout\u00e9 le Samedi 24 Janvier 2026. Toute r\u00e9servation annul\u00e9e apr\u00e8s la date&#8230;<\/p>\n","protected":false},"author":3,"featured_media":0,"parent":21,"menu_order":0,"comment_status":"closed","ping_status":"closed","template":"","meta":{"footnotes":""},"class_list":["post-2010","page","type-page","status-publish","hentry"],"_links":{"self":[{"href":"https:\/\/csb-osthouse.fr\/index.php?rest_route=\/wp\/v2\/pages\/2010","targetHints":{"allow":["GET"]}}],"collection":[{"href":"https:\/\/csb-osthouse.fr\/index.php?rest_route=\/wp\/v2\/pages"}],"about":[{"href":"https:\/\/csb-osthouse.fr\/index.php?rest_route=\/wp\/v2\/types\/page"}],"author":[{"embeddable":true,"href":"https:\/\/csb-osthouse.fr\/index.php?rest_route=\/wp\/v2\/users\/3"}],"replies":[{"embeddable":true,"href":"https:\/\/csb-osthouse.fr\/index.php?rest_route=%2Fwp%2Fv2%2Fcomments&post=2010"}],"version-history":[{"count":7,"href":"https:\/\/csb-osthouse.fr\/index.php?rest_route=\/wp\/v2\/pages\/2010\/revisions"}],"predecessor-version":[{"id":2036,"href":"https:\/\/csb-osthouse.fr\/index.php?rest_route=\/wp\/v2\/pages\/2010\/revisions\/2036"}],"up":[{"embeddable":true,"href":"https:\/\/csb-osthouse.fr\/index.php?rest_route=\/wp\/v2\/pages\/21"}],"wp:attachment":[{"href":"https:\/\/csb-osthouse.fr\/index.php?rest_route=%2Fwp%2Fv2%2Fmedia&parent=2010"}],"curies":[{"name":"wp","href":"https:\/\/api.w.org\/{rel}","templated":true}]}}